{"id":10280,"date":"2023-08-16T11:14:48","date_gmt":"2023-08-16T11:14:48","guid":{"rendered":"https:\/\/nativohotelibiza.com\/?page_id=10280"},"modified":"2025-08-14T10:18:56","modified_gmt":"2025-08-14T10:18:56","slug":"humo","status":"publish","type":"page","link":"https:\/\/nativohotelibiza.com\/es\/humo\/","title":{"rendered":"HUMO Restaurante Ibiza"},"content":{"rendered":"","protected":false},"excerpt":{"rendered":"","protected":false},"author":13,"featured_media":10337,"parent":0,"menu_order":0,"comment_status":"closed","ping_status":"closed","template":"","meta":{"_acf_changed":false,"footnotes":""},"class_list":["post-10280","page","type-page","status-publish","has-post-thumbnail","hentry"],"acf":[],"yoast_head":"<!-- This site is optimized with the Yoast SEO plugin v26.9 - https:\/\/yoast.com\/product\/yoast-seo-wordpress\/ -->\n<title>Restaurante Humo | Cocina de ra\u00edz | Nativo Hotel Ibiza<\/title>\n<meta name=\"description\" content=\"Un regreso a las ra\u00edces de la cocina primitiva que emerge del poder del fuego con una propuesta andina y ex\u00f3tica a la brasa.\" \/>\n<meta name=\"robots\" content=\"index, follow, max-snippet:-1, max-image-preview:large, max-video-preview:-1\" \/>\n<link rel=\"canonical\" href=\"https:\/\/nativohotelibiza.com\/es\/humo\/\" \/>\n<meta property=\"og:locale\" content=\"es_ES\" \/>\n<meta property=\"og:type\" content=\"article\" \/>\n<meta property=\"og:title\" content=\"Luxury Restaurants in Santa Eulalia, Ibiza - Aguas de Ibiza\" \/>\n<meta property=\"og:description\" content=\"Looking for a restaurant in Santa Eulalia, Ibiza? In our restaurants in Ibiza you will enjoy an exceptional gastronomic experience in a beautiful setting.\" \/>\n<meta property=\"og:url\" content=\"https:\/\/nativohotelibiza.com\/es\/humo\/\" \/>\n<meta property=\"og:site_name\" content=\"Nativo Hotel Ibiza\" \/>\n<meta property=\"article:modified_time\" content=\"2025-08-14T10:18:56+00:00\" \/>\n<meta name=\"twitter:card\" content=\"summary_large_image\" \/>\n<meta name=\"twitter:title\" content=\"Luxury Restaurants in Santa Eulalia, Ibiza - Aguas de Ibiza\" \/>\n<meta name=\"twitter:description\" content=\"Looking for a restaurant in Santa Eulalia, Ibiza? In our restaurants in Ibiza you will enjoy an exceptional gastronomic experience in a beautiful setting.\" \/>\n<!-- \/ Yoast SEO plugin. -->","yoast_head_json":{"title":"Restaurante Humo | Cocina de ra\u00edz | Nativo Hotel Ibiza","description":"Un regreso a las ra\u00edces de la cocina primitiva que emerge del poder del fuego con una propuesta andina y ex\u00f3tica a la brasa.","robots":{"index":"index","follow":"follow","max-snippet":"max-snippet:-1","max-image-preview":"max-image-preview:large","max-video-preview":"max-video-preview:-1"},"canonical":"https:\/\/nativohotelibiza.com\/es\/humo\/","og_locale":"es_ES","og_type":"article","og_title":"Luxury Restaurants in Santa Eulalia, Ibiza - Aguas de Ibiza","og_description":"Looking for a restaurant in Santa Eulalia, Ibiza? In our restaurants in Ibiza you will enjoy an exceptional gastronomic experience in a beautiful setting.","og_url":"https:\/\/nativohotelibiza.com\/es\/humo\/","og_site_name":"Nativo Hotel Ibiza","article_modified_time":"2025-08-14T10:18:56+00:00","twitter_card":"summary_large_image","twitter_title":"Luxury Restaurants in Santa Eulalia, Ibiza - Aguas de Ibiza","twitter_description":"Looking for a restaurant in Santa Eulalia, Ibiza? In our restaurants in Ibiza you will enjoy an exceptional gastronomic experience in a beautiful setting.","schema":{"@context":"https:\/\/schema.org","@graph":[{"@type":"WebPage","@id":"https:\/\/nativohotelibiza.com\/es\/humo\/","url":"https:\/\/nativohotelibiza.com\/es\/humo\/","name":"Restaurante Humo | Cocina de ra\u00edz | Nativo Hotel Ibiza","isPartOf":{"@id":"https:\/\/nativohotelibiza.com\/es\/#website"},"primaryImageOfPage":{"@id":"https:\/\/nativohotelibiza.com\/es\/humo\/#primaryimage"},"image":{"@id":"https:\/\/nativohotelibiza.com\/es\/humo\/#primaryimage"},"thumbnailUrl":"https:\/\/nativohotelibiza.com\/wp-content\/uploads\/2023\/08\/nativo_humo-restaurant-1.jpg","datePublished":"2023-08-16T11:14:48+00:00","dateModified":"2025-08-14T10:18:56+00:00","description":"Un regreso a las ra\u00edces de la cocina primitiva que emerge del poder del fuego con una propuesta andina y ex\u00f3tica a la brasa.","breadcrumb":{"@id":"https:\/\/nativohotelibiza.com\/es\/humo\/#breadcrumb"},"inLanguage":"es","potentialAction":[{"@type":"ReadAction","target":["https:\/\/nativohotelibiza.com\/es\/humo\/"]}]},{"@type":"ImageObject","inLanguage":"es","@id":"https:\/\/nativohotelibiza.com\/es\/humo\/#primaryimage","url":"https:\/\/nativohotelibiza.com\/wp-content\/uploads\/2023\/08\/nativo_humo-restaurant-1.jpg","contentUrl":"https:\/\/nativohotelibiza.com\/wp-content\/uploads\/2023\/08\/nativo_humo-restaurant-1.jpg","width":1080,"height":1440},{"@type":"BreadcrumbList","@id":"https:\/\/nativohotelibiza.com\/es\/humo\/#breadcrumb","itemListElement":[{"@type":"ListItem","position":1,"name":"Portada","item":"https:\/\/nativohotelibiza.com\/es\/"},{"@type":"ListItem","position":2,"name":"HUMO Restaurante Ibiza"}]},{"@type":"WebSite","@id":"https:\/\/nativohotelibiza.com\/es\/#website","url":"https:\/\/nativohotelibiza.com\/es\/","name":"Nativo Hotel Ibiza","description":"Hotel","publisher":{"@id":"https:\/\/nativohotelibiza.com\/es\/#organization"},"potentialAction":[{"@type":"SearchAction","target":{"@type":"EntryPoint","urlTemplate":"https:\/\/nativohotelibiza.com\/es\/?s={search_term_string}"},"query-input":{"@type":"PropertyValueSpecification","valueRequired":true,"valueName":"search_term_string"}}],"inLanguage":"es"},{"@type":"Organization","@id":"https:\/\/nativohotelibiza.com\/es\/#organization","name":"Nativo Hotel Ibiza","url":"https:\/\/nativohotelibiza.com\/es\/","logo":{"@type":"ImageObject","inLanguage":"es","@id":"https:\/\/nativohotelibiza.com\/es\/#\/schema\/logo\/image\/","url":"https:\/\/nativohotelibiza.com\/wp-content\/uploads\/2020\/10\/logo-nativo-1.svg","contentUrl":"https:\/\/nativohotelibiza.com\/wp-content\/uploads\/2020\/10\/logo-nativo-1.svg","width":1,"height":1,"caption":"Nativo Hotel Ibiza"},"image":{"@id":"https:\/\/nativohotelibiza.com\/es\/#\/schema\/logo\/image\/"}}]}},"_links":{"self":[{"href":"https:\/\/nativohotelibiza.com\/es\/wp-json\/wp\/v2\/pages\/10280","targetHints":{"allow":["GET"]}}],"collection":[{"href":"https:\/\/nativohotelibiza.com\/es\/wp-json\/wp\/v2\/pages"}],"about":[{"href":"https:\/\/nativohotelibiza.com\/es\/wp-json\/wp\/v2\/types\/page"}],"author":[{"embeddable":true,"href":"https:\/\/nativohotelibiza.com\/es\/wp-json\/wp\/v2\/users\/13"}],"replies":[{"embeddable":true,"href":"https:\/\/nativohotelibiza.com\/es\/wp-json\/wp\/v2\/comments?post=10280"}],"version-history":[{"count":23,"href":"https:\/\/nativohotelibiza.com\/es\/wp-json\/wp\/v2\/pages\/10280\/revisions"}],"predecessor-version":[{"id":11193,"href":"https:\/\/nativohotelibiza.com\/es\/wp-json\/wp\/v2\/pages\/10280\/revisions\/11193"}],"wp:featuredmedia":[{"embeddable":true,"href":"https:\/\/nativohotelibiza.com\/es\/wp-json\/wp\/v2\/media\/10337"}],"wp:attachment":[{"href":"https:\/\/nativohotelibiza.com\/es\/wp-json\/wp\/v2\/media?parent=10280"}],"curies":[{"name":"wp","href":"https:\/\/api.w.org\/{rel}","templated":true}]}}