{"id":1921,"date":"2018-12-04T13:34:25","date_gmt":"2018-12-04T13:34:25","guid":{"rendered":"https:\/\/ntivoibiza.com\/legal-notice\/"},"modified":"2020-10-06T13:38:16","modified_gmt":"2020-10-06T13:38:16","slug":"aviso-legal","status":"publish","type":"page","link":"https:\/\/nativohotelibiza.com\/es\/aviso-legal\/","title":{"rendered":"Aviso legal"},"content":{"rendered":"","protected":false},"excerpt":{"rendered":"","protected":false},"author":13,"featured_media":0,"parent":0,"menu_order":0,"comment_status":"closed","ping_status":"closed","template":"","meta":{"_acf_changed":false,"footnotes":""},"class_list":["post-1921","page","type-page","status-publish","hentry"],"acf":[],"yoast_head":"<!-- This site is optimized with the Yoast SEO plugin v26.9 - https:\/\/yoast.com\/product\/yoast-seo-wordpress\/ -->\n<title>Nativo Ibiza - Condiciones de reserva y aviso legal - Barefoot Luxury<\/title>\n<meta name=\"description\" content=\"Aqu\u00ed podr\u00e1s leer sobre nuestras condiciones de reserva, as\u00ed como el aviso legal del Nativo Hotel Ibiza, el nuevo hotel de barefoot luxury en la isla.\" \/>\n<meta name=\"robots\" content=\"index, follow, max-snippet:-1, max-image-preview:large, max-video-preview:-1\" \/>\n<link rel=\"canonical\" href=\"https:\/\/nativohotelibiza.com\/es\/aviso-legal\/\" \/>\n<meta property=\"og:locale\" content=\"es_ES\" \/>\n<meta property=\"og:type\" content=\"article\" \/>\n<meta property=\"og:title\" content=\"Legal notice - Hotel Aguas de Ibiza\" \/>\n<meta property=\"og:description\" content=\"Aqu\u00ed podr\u00e1s leer sobre nuestras condiciones de reserva, as\u00ed como el aviso legal del Nativo Hotel Ibiza, el nuevo hotel de barefoot luxury en la isla.\" \/>\n<meta property=\"og:url\" content=\"https:\/\/nativohotelibiza.com\/es\/aviso-legal\/\" \/>\n<meta property=\"og:site_name\" content=\"Nativo Hotel Ibiza\" \/>\n<meta property=\"article:modified_time\" content=\"2020-10-06T13:38:16+00:00\" \/>\n<meta name=\"twitter:card\" content=\"summary_large_image\" \/>\n<meta name=\"twitter:title\" content=\"Legal notice - Hotel Aguas de Ibiza\" \/>\n<meta name=\"twitter:description\" content=\"Legal notice - Hotel Aguas de Ibiza is a luxury 5 star hotel in Santa Eulalia.\" \/>\n<!-- \/ Yoast SEO plugin. -->","yoast_head_json":{"title":"Nativo Ibiza - Condiciones de reserva y aviso legal - Barefoot Luxury","description":"Aqu\u00ed podr\u00e1s leer sobre nuestras condiciones de reserva, as\u00ed como el aviso legal del Nativo Hotel Ibiza, el nuevo hotel de barefoot luxury en la isla.","robots":{"index":"index","follow":"follow","max-snippet":"max-snippet:-1","max-image-preview":"max-image-preview:large","max-video-preview":"max-video-preview:-1"},"canonical":"https:\/\/nativohotelibiza.com\/es\/aviso-legal\/","og_locale":"es_ES","og_type":"article","og_title":"Legal notice - Hotel Aguas de Ibiza","og_description":"Aqu\u00ed podr\u00e1s leer sobre nuestras condiciones de reserva, as\u00ed como el aviso legal del Nativo Hotel Ibiza, el nuevo hotel de barefoot luxury en la isla.","og_url":"https:\/\/nativohotelibiza.com\/es\/aviso-legal\/","og_site_name":"Nativo Hotel Ibiza","article_modified_time":"2020-10-06T13:38:16+00:00","twitter_card":"summary_large_image","twitter_title":"Legal notice - Hotel Aguas de Ibiza","twitter_description":"Legal notice - Hotel Aguas de Ibiza is a luxury 5 star hotel in Santa Eulalia.","schema":{"@context":"https:\/\/schema.org","@graph":[{"@type":"WebPage","@id":"https:\/\/nativohotelibiza.com\/es\/aviso-legal\/","url":"https:\/\/nativohotelibiza.com\/es\/aviso-legal\/","name":"Nativo Ibiza - Condiciones de reserva y aviso legal - Barefoot Luxury","isPartOf":{"@id":"https:\/\/nativohotelibiza.com\/es\/#website"},"datePublished":"2018-12-04T13:34:25+00:00","dateModified":"2020-10-06T13:38:16+00:00","description":"Aqu\u00ed podr\u00e1s leer sobre nuestras condiciones de reserva, as\u00ed como el aviso legal del Nativo Hotel Ibiza, el nuevo hotel de barefoot luxury en la isla.","breadcrumb":{"@id":"https:\/\/nativohotelibiza.com\/es\/aviso-legal\/#breadcrumb"},"inLanguage":"es","potentialAction":[{"@type":"ReadAction","target":["https:\/\/nativohotelibiza.com\/es\/aviso-legal\/"]}]},{"@type":"BreadcrumbList","@id":"https:\/\/nativohotelibiza.com\/es\/aviso-legal\/#breadcrumb","itemListElement":[{"@type":"ListItem","position":1,"name":"Portada","item":"https:\/\/nativohotelibiza.com\/es\/"},{"@type":"ListItem","position":2,"name":"Aviso legal"}]},{"@type":"WebSite","@id":"https:\/\/nativohotelibiza.com\/es\/#website","url":"https:\/\/nativohotelibiza.com\/es\/","name":"Nativo Hotel Ibiza","description":"Hotel","publisher":{"@id":"https:\/\/nativohotelibiza.com\/es\/#organization"},"potentialAction":[{"@type":"SearchAction","target":{"@type":"EntryPoint","urlTemplate":"https:\/\/nativohotelibiza.com\/es\/?s={search_term_string}"},"query-input":{"@type":"PropertyValueSpecification","valueRequired":true,"valueName":"search_term_string"}}],"inLanguage":"es"},{"@type":"Organization","@id":"https:\/\/nativohotelibiza.com\/es\/#organization","name":"Nativo Hotel Ibiza","url":"https:\/\/nativohotelibiza.com\/es\/","logo":{"@type":"ImageObject","inLanguage":"es","@id":"https:\/\/nativohotelibiza.com\/es\/#\/schema\/logo\/image\/","url":"https:\/\/nativohotelibiza.com\/wp-content\/uploads\/2020\/10\/logo-nativo-1.svg","contentUrl":"https:\/\/nativohotelibiza.com\/wp-content\/uploads\/2020\/10\/logo-nativo-1.svg","width":1,"height":1,"caption":"Nativo Hotel Ibiza"},"image":{"@id":"https:\/\/nativohotelibiza.com\/es\/#\/schema\/logo\/image\/"}}]}},"_links":{"self":[{"href":"https:\/\/nativohotelibiza.com\/es\/wp-json\/wp\/v2\/pages\/1921","targetHints":{"allow":["GET"]}}],"collection":[{"href":"https:\/\/nativohotelibiza.com\/es\/wp-json\/wp\/v2\/pages"}],"about":[{"href":"https:\/\/nativohotelibiza.com\/es\/wp-json\/wp\/v2\/types\/page"}],"author":[{"embeddable":true,"href":"https:\/\/nativohotelibiza.com\/es\/wp-json\/wp\/v2\/users\/13"}],"replies":[{"embeddable":true,"href":"https:\/\/nativohotelibiza.com\/es\/wp-json\/wp\/v2\/comments?post=1921"}],"version-history":[{"count":13,"href":"https:\/\/nativohotelibiza.com\/es\/wp-json\/wp\/v2\/pages\/1921\/revisions"}],"predecessor-version":[{"id":8214,"href":"https:\/\/nativohotelibiza.com\/es\/wp-json\/wp\/v2\/pages\/1921\/revisions\/8214"}],"wp:attachment":[{"href":"https:\/\/nativohotelibiza.com\/es\/wp-json\/wp\/v2\/media?parent=1921"}],"curies":[{"name":"wp","href":"https:\/\/api.w.org\/{rel}","templated":true}]}}